{"id":33388,"date":"2024-10-18T20:55:06","date_gmt":"2024-10-18T20:55:06","guid":{"rendered":"https:\/\/abovetobacco.com\/?post_type=product&#038;p=33388"},"modified":"2024-11-11T23:08:08","modified_gmt":"2024-11-11T23:08:08","slug":"cigalike-longfill-ry4-2ml","status":"publish","type":"product","link":"https:\/\/abovetobacco.com\/ro\/product\/cigalike-longfill-ry4-2ml\/","title":{"rendered":"CIGALIKE Longfill &#8211; RY4, 2ml"},"content":{"rendered":"","protected":false},"excerpt":{"rendered":"","protected":false},"featured_media":33371,"comment_status":"open","ping_status":"closed","template":"","meta":[],"product_brand":[],"product_cat":[126,84,88],"product_tag":[],"class_list":{"0":"post-33388","1":"product","2":"type-product","3":"status-publish","4":"has-post-thumbnail","6":"product_cat-cigalike-longfill","7":"product_cat-diy","8":"product_cat-longfills","10":"first","11":"instock","12":"taxable","13":"shipping-taxable","14":"purchasable","15":"product-type-simple"},"yoast_head":"<!-- This site is optimized with the Yoast SEO plugin v27.4 - https:\/\/yoast.com\/product\/yoast-seo-wordpress\/ -->\n<title>CIGALIKE RY4 2ml | Tutun, Caramel &amp; Vanilie<\/title>\n<meta name=\"description\" content=\"Tutun, caramel \u0219i note subtile de vanilie se \u00eembin\u0103 \u00een RY4, \u00eentr-un longfill de 2ml inconfundabil.Descopera acum intreaga gama de produse Above Tobacco.\" \/>\n<meta name=\"robots\" content=\"index, follow, max-snippet:-1, max-image-preview:large, max-video-preview:-1\" \/>\n<link rel=\"canonical\" href=\"https:\/\/abovetobacco.com\/product\/cigalike-longfill-ry4-2ml\/\" \/>\n<meta property=\"og:locale\" content=\"ro_RO\" \/>\n<meta property=\"og:type\" content=\"article\" \/>\n<meta property=\"og:title\" content=\"CIGALIKE RY4 2ml | Tutun, Caramel &amp; Vanilie\" \/>\n<meta property=\"og:description\" content=\"Tutun, caramel \u0219i note subtile de vanilie se \u00eembin\u0103 \u00een RY4, \u00eentr-un longfill de 2ml inconfundabil.Descopera acum intreaga gama de produse Above Tobacco.\" \/>\n<meta property=\"og:url\" content=\"https:\/\/abovetobacco.com\/product\/cigalike-longfill-ry4-2ml\/\" \/>\n<meta property=\"og:site_name\" content=\"Above Tobacco\" \/>\n<meta property=\"article:publisher\" content=\"https:\/\/www.facebook.com\/profile.php?id=61570124412529\" \/>\n<meta property=\"article:modified_time\" content=\"2024-11-11T23:08:08+00:00\" \/>\n<meta property=\"og:image\" content=\"https:\/\/abovetobacco.com\/wp-content\/uploads\/2024\/10\/STEAMOK-Cigalike-Aroma-Longfill-RY4-2ml.png\" \/>\n\t<meta property=\"og:image:width\" content=\"1080\" \/>\n\t<meta property=\"og:image:height\" content=\"1080\" \/>\n\t<meta property=\"og:image:type\" content=\"image\/png\" \/>\n<meta name=\"twitter:card\" content=\"summary_large_image\" \/>\n<script type=\"application\/ld+json\" class=\"yoast-schema-graph\">{\"@context\":\"https:\\\/\\\/schema.org\",\"@graph\":[{\"@type\":\"WebPage\",\"@id\":\"https:\\\/\\\/abovetobacco.com\\\/product\\\/cigalike-longfill-ry4-2ml\\\/\",\"url\":\"https:\\\/\\\/abovetobacco.com\\\/product\\\/cigalike-longfill-ry4-2ml\\\/\",\"name\":\"CIGALIKE RY4 2ml | Tutun, Caramel &amp; Vanilie\",\"isPartOf\":{\"@id\":\"https:\\\/\\\/abovetobacco.com\\\/#website\"},\"primaryImageOfPage\":{\"@id\":\"https:\\\/\\\/abovetobacco.com\\\/product\\\/cigalike-longfill-ry4-2ml\\\/#primaryimage\"},\"image\":{\"@id\":\"https:\\\/\\\/abovetobacco.com\\\/product\\\/cigalike-longfill-ry4-2ml\\\/#primaryimage\"},\"thumbnailUrl\":\"https:\\\/\\\/abovetobacco.com\\\/wp-content\\\/uploads\\\/2024\\\/10\\\/STEAMOK-Cigalike-Aroma-Longfill-RY4-2ml.png\",\"datePublished\":\"2024-10-18T20:55:06+00:00\",\"dateModified\":\"2024-11-11T23:08:08+00:00\",\"description\":\"Tutun, caramel \u0219i note subtile de vanilie se \u00eembin\u0103 \u00een RY4, \u00eentr-un longfill de 2ml inconfundabil.Descopera acum intreaga gama de produse Above Tobacco.\",\"breadcrumb\":{\"@id\":\"https:\\\/\\\/abovetobacco.com\\\/product\\\/cigalike-longfill-ry4-2ml\\\/#breadcrumb\"},\"inLanguage\":\"ro-RO\",\"potentialAction\":[{\"@type\":\"ReadAction\",\"target\":[\"https:\\\/\\\/abovetobacco.com\\\/product\\\/cigalike-longfill-ry4-2ml\\\/\"]}]},{\"@type\":\"ImageObject\",\"inLanguage\":\"ro-RO\",\"@id\":\"https:\\\/\\\/abovetobacco.com\\\/product\\\/cigalike-longfill-ry4-2ml\\\/#primaryimage\",\"url\":\"https:\\\/\\\/abovetobacco.com\\\/wp-content\\\/uploads\\\/2024\\\/10\\\/STEAMOK-Cigalike-Aroma-Longfill-RY4-2ml.png\",\"contentUrl\":\"https:\\\/\\\/abovetobacco.com\\\/wp-content\\\/uploads\\\/2024\\\/10\\\/STEAMOK-Cigalike-Aroma-Longfill-RY4-2ml.png\",\"width\":1080,\"height\":1080},{\"@type\":\"BreadcrumbList\",\"@id\":\"https:\\\/\\\/abovetobacco.com\\\/product\\\/cigalike-longfill-ry4-2ml\\\/#breadcrumb\",\"itemListElement\":[{\"@type\":\"ListItem\",\"position\":1,\"name\":\"Home\",\"item\":\"https:\\\/\\\/abovetobacco.com\\\/ro\\\/\"},{\"@type\":\"ListItem\",\"position\":2,\"name\":\"Shop\",\"item\":\"https:\\\/\\\/abovetobacco.com\\\/shop\\\/\"},{\"@type\":\"ListItem\",\"position\":3,\"name\":\"CIGALIKE Longfill &#8211; RY4, 2ml\"}]},{\"@type\":\"WebSite\",\"@id\":\"https:\\\/\\\/abovetobacco.com\\\/#website\",\"url\":\"https:\\\/\\\/abovetobacco.com\\\/\",\"name\":\"Above Tobacco\",\"description\":\"Vaping Redefined\",\"publisher\":{\"@id\":\"https:\\\/\\\/abovetobacco.com\\\/#organization\"},\"potentialAction\":[{\"@type\":\"SearchAction\",\"target\":{\"@type\":\"EntryPoint\",\"urlTemplate\":\"https:\\\/\\\/abovetobacco.com\\\/?s={search_term_string}\"},\"query-input\":{\"@type\":\"PropertyValueSpecification\",\"valueRequired\":true,\"valueName\":\"search_term_string\"}}],\"inLanguage\":\"ro-RO\"},{\"@type\":\"Organization\",\"@id\":\"https:\\\/\\\/abovetobacco.com\\\/#organization\",\"name\":\"Above Tobacco\",\"url\":\"https:\\\/\\\/abovetobacco.com\\\/\",\"logo\":{\"@type\":\"ImageObject\",\"inLanguage\":\"ro-RO\",\"@id\":\"https:\\\/\\\/abovetobacco.com\\\/#\\\/schema\\\/logo\\\/image\\\/\",\"url\":\"http:\\\/\\\/abovetobacco.com\\\/wp-content\\\/uploads\\\/2024\\\/10\\\/Asset-3@4x.webp\",\"contentUrl\":\"http:\\\/\\\/abovetobacco.com\\\/wp-content\\\/uploads\\\/2024\\\/10\\\/Asset-3@4x.webp\",\"width\":1676,\"height\":569,\"caption\":\"Above Tobacco\"},\"image\":{\"@id\":\"https:\\\/\\\/abovetobacco.com\\\/#\\\/schema\\\/logo\\\/image\\\/\"},\"sameAs\":[\"https:\\\/\\\/www.facebook.com\\\/profile.php?id=61570124412529\",\"https:\\\/\\\/www.instagram.com\\\/abovetobacco\"]}]}<\/script>\n<!-- \/ Yoast SEO plugin. -->","yoast_head_json":{"title":"CIGALIKE RY4 2ml | Tutun, Caramel &amp; Vanilie","description":"Tutun, caramel \u0219i note subtile de vanilie se \u00eembin\u0103 \u00een RY4, \u00eentr-un longfill de 2ml inconfundabil.Descopera acum intreaga gama de produse Above Tobacco.","robots":{"index":"index","follow":"follow","max-snippet":"max-snippet:-1","max-image-preview":"max-image-preview:large","max-video-preview":"max-video-preview:-1"},"canonical":"https:\/\/abovetobacco.com\/product\/cigalike-longfill-ry4-2ml\/","og_locale":"ro_RO","og_type":"article","og_title":"CIGALIKE RY4 2ml | Tutun, Caramel &amp; Vanilie","og_description":"Tutun, caramel \u0219i note subtile de vanilie se \u00eembin\u0103 \u00een RY4, \u00eentr-un longfill de 2ml inconfundabil.Descopera acum intreaga gama de produse Above Tobacco.","og_url":"https:\/\/abovetobacco.com\/product\/cigalike-longfill-ry4-2ml\/","og_site_name":"Above Tobacco","article_publisher":"https:\/\/www.facebook.com\/profile.php?id=61570124412529","article_modified_time":"2024-11-11T23:08:08+00:00","og_image":[{"width":1080,"height":1080,"url":"https:\/\/abovetobacco.com\/wp-content\/uploads\/2024\/10\/STEAMOK-Cigalike-Aroma-Longfill-RY4-2ml.png","type":"image\/png"}],"twitter_card":"summary_large_image","schema":{"@context":"https:\/\/schema.org","@graph":[{"@type":"WebPage","@id":"https:\/\/abovetobacco.com\/product\/cigalike-longfill-ry4-2ml\/","url":"https:\/\/abovetobacco.com\/product\/cigalike-longfill-ry4-2ml\/","name":"CIGALIKE RY4 2ml | Tutun, Caramel &amp; Vanilie","isPartOf":{"@id":"https:\/\/abovetobacco.com\/#website"},"primaryImageOfPage":{"@id":"https:\/\/abovetobacco.com\/product\/cigalike-longfill-ry4-2ml\/#primaryimage"},"image":{"@id":"https:\/\/abovetobacco.com\/product\/cigalike-longfill-ry4-2ml\/#primaryimage"},"thumbnailUrl":"https:\/\/abovetobacco.com\/wp-content\/uploads\/2024\/10\/STEAMOK-Cigalike-Aroma-Longfill-RY4-2ml.png","datePublished":"2024-10-18T20:55:06+00:00","dateModified":"2024-11-11T23:08:08+00:00","description":"Tutun, caramel \u0219i note subtile de vanilie se \u00eembin\u0103 \u00een RY4, \u00eentr-un longfill de 2ml inconfundabil.Descopera acum intreaga gama de produse Above Tobacco.","breadcrumb":{"@id":"https:\/\/abovetobacco.com\/product\/cigalike-longfill-ry4-2ml\/#breadcrumb"},"inLanguage":"ro-RO","potentialAction":[{"@type":"ReadAction","target":["https:\/\/abovetobacco.com\/product\/cigalike-longfill-ry4-2ml\/"]}]},{"@type":"ImageObject","inLanguage":"ro-RO","@id":"https:\/\/abovetobacco.com\/product\/cigalike-longfill-ry4-2ml\/#primaryimage","url":"https:\/\/abovetobacco.com\/wp-content\/uploads\/2024\/10\/STEAMOK-Cigalike-Aroma-Longfill-RY4-2ml.png","contentUrl":"https:\/\/abovetobacco.com\/wp-content\/uploads\/2024\/10\/STEAMOK-Cigalike-Aroma-Longfill-RY4-2ml.png","width":1080,"height":1080},{"@type":"BreadcrumbList","@id":"https:\/\/abovetobacco.com\/product\/cigalike-longfill-ry4-2ml\/#breadcrumb","itemListElement":[{"@type":"ListItem","position":1,"name":"Home","item":"https:\/\/abovetobacco.com\/ro\/"},{"@type":"ListItem","position":2,"name":"Shop","item":"https:\/\/abovetobacco.com\/shop\/"},{"@type":"ListItem","position":3,"name":"CIGALIKE Longfill &#8211; RY4, 2ml"}]},{"@type":"WebSite","@id":"https:\/\/abovetobacco.com\/#website","url":"https:\/\/abovetobacco.com\/","name":"Above Tobacco","description":"Vaping Redefined","publisher":{"@id":"https:\/\/abovetobacco.com\/#organization"},"potentialAction":[{"@type":"SearchAction","target":{"@type":"EntryPoint","urlTemplate":"https:\/\/abovetobacco.com\/?s={search_term_string}"},"query-input":{"@type":"PropertyValueSpecification","valueRequired":true,"valueName":"search_term_string"}}],"inLanguage":"ro-RO"},{"@type":"Organization","@id":"https:\/\/abovetobacco.com\/#organization","name":"Above Tobacco","url":"https:\/\/abovetobacco.com\/","logo":{"@type":"ImageObject","inLanguage":"ro-RO","@id":"https:\/\/abovetobacco.com\/#\/schema\/logo\/image\/","url":"http:\/\/abovetobacco.com\/wp-content\/uploads\/2024\/10\/Asset-3@4x.webp","contentUrl":"http:\/\/abovetobacco.com\/wp-content\/uploads\/2024\/10\/Asset-3@4x.webp","width":1676,"height":569,"caption":"Above Tobacco"},"image":{"@id":"https:\/\/abovetobacco.com\/#\/schema\/logo\/image\/"},"sameAs":["https:\/\/www.facebook.com\/profile.php?id=61570124412529","https:\/\/www.instagram.com\/abovetobacco"]}]}},"_links":{"self":[{"href":"https:\/\/abovetobacco.com\/ro\/wp-json\/wp\/v2\/product\/33388","targetHints":{"allow":["GET"]}}],"collection":[{"href":"https:\/\/abovetobacco.com\/ro\/wp-json\/wp\/v2\/product"}],"about":[{"href":"https:\/\/abovetobacco.com\/ro\/wp-json\/wp\/v2\/types\/product"}],"replies":[{"embeddable":true,"href":"https:\/\/abovetobacco.com\/ro\/wp-json\/wp\/v2\/comments?post=33388"}],"version-history":[{"count":3,"href":"https:\/\/abovetobacco.com\/ro\/wp-json\/wp\/v2\/product\/33388\/revisions"}],"predecessor-version":[{"id":33939,"href":"https:\/\/abovetobacco.com\/ro\/wp-json\/wp\/v2\/product\/33388\/revisions\/33939"}],"wp:featuredmedia":[{"embeddable":true,"href":"https:\/\/abovetobacco.com\/ro\/wp-json\/wp\/v2\/media\/33371"}],"wp:attachment":[{"href":"https:\/\/abovetobacco.com\/ro\/wp-json\/wp\/v2\/media?parent=33388"}],"wp:term":[{"taxonomy":"product_brand","embeddable":true,"href":"https:\/\/abovetobacco.com\/ro\/wp-json\/wp\/v2\/product_brand?post=33388"},{"taxonomy":"product_cat","embeddable":true,"href":"https:\/\/abovetobacco.com\/ro\/wp-json\/wp\/v2\/product_cat?post=33388"},{"taxonomy":"product_tag","embeddable":true,"href":"https:\/\/abovetobacco.com\/ro\/wp-json\/wp\/v2\/product_tag?post=33388"}],"curies":[{"name":"wp","href":"https:\/\/api.w.org\/{rel}","templated":true}]}}