{"id":30750,"date":"2024-10-11T09:29:42","date_gmt":"2024-10-11T09:29:42","guid":{"rendered":"https:\/\/abovetobacco.com\/product\/drifter-ro-blue-razz-lemonade-ice-10ml-10mg\/"},"modified":"2024-11-11T23:06:11","modified_gmt":"2024-11-11T23:06:11","slug":"drifter-blue-razz-lemonade-ice-10ml-10mg","status":"publish","type":"product","link":"https:\/\/abovetobacco.com\/ro\/product\/drifter-blue-razz-lemonade-ice-10ml-10mg\/","title":{"rendered":"DRIFTER &#8211; Blue Razz Lemonade Ice, 10ml, 10mg"},"content":{"rendered":"<p>&nbsp;<\/p>\n","protected":false},"excerpt":{"rendered":"<p>&nbsp;<\/p>\n","protected":false},"featured_media":28173,"comment_status":"closed","ping_status":"open","template":"","meta":[],"product_brand":[],"product_cat":[121,82],"product_tag":[],"class_list":{"0":"post-30750","1":"product","2":"type-product","3":"status-publish","4":"has-post-thumbnail","6":"product_cat-drifter-10ml-bar-salt","7":"product_cat-eliquids","9":"first","10":"instock","11":"taxable","12":"shipping-taxable","13":"purchasable","14":"product-type-simple"},"yoast_head":"<!-- This site is optimized with the Yoast SEO plugin v27.4 - https:\/\/yoast.com\/product\/yoast-seo-wordpress\/ -->\n<title>DRIFTER Blue Razz Lemonade 10ml (10mg) | Zmeur\u0103 Albastr\u0103 &amp; R\u0103coare<\/title>\n<meta name=\"description\" content=\"Amestec captivant de zmeur\u0103 albastr\u0103 \u0219i limonad\u0103, la 10mg nic salt, pentru un gust dulce-acri\u0219or r\u0103coritor\" \/>\n<meta name=\"robots\" content=\"index, follow, max-snippet:-1, max-image-preview:large, max-video-preview:-1\" \/>\n<link rel=\"canonical\" href=\"https:\/\/abovetobacco.com\/product\/drifter-blue-razz-lemonade-ice-10ml-10mg\/\" \/>\n<meta property=\"og:locale\" content=\"ro_RO\" \/>\n<meta property=\"og:type\" content=\"article\" \/>\n<meta property=\"og:title\" content=\"DRIFTER Blue Razz Lemonade 10ml (10mg) | Zmeur\u0103 Albastr\u0103 &amp; R\u0103coare\" \/>\n<meta property=\"og:description\" content=\"Amestec captivant de zmeur\u0103 albastr\u0103 \u0219i limonad\u0103, la 10mg nic salt, pentru un gust dulce-acri\u0219or r\u0103coritor\" \/>\n<meta property=\"og:url\" content=\"https:\/\/abovetobacco.com\/product\/drifter-blue-razz-lemonade-ice-10ml-10mg\/\" \/>\n<meta property=\"og:site_name\" content=\"Above Tobacco\" \/>\n<meta property=\"article:publisher\" content=\"https:\/\/www.facebook.com\/profile.php?id=61570124412529\" \/>\n<meta property=\"article:modified_time\" content=\"2024-11-11T23:06:11+00:00\" \/>\n<meta property=\"og:image\" content=\"https:\/\/abovetobacco.com\/wp-content\/uploads\/2024\/09\/Drifter-RO-Blue-Razz-Lemonade-Ice-10ml-10mg-Render-V002-250324-CB.png\" \/>\n\t<meta property=\"og:image:width\" content=\"1080\" \/>\n\t<meta property=\"og:image:height\" content=\"1080\" \/>\n\t<meta property=\"og:image:type\" content=\"image\/png\" \/>\n<meta name=\"twitter:card\" content=\"summary_large_image\" \/>\n<script type=\"application\/ld+json\" class=\"yoast-schema-graph\">{\"@context\":\"https:\\\/\\\/schema.org\",\"@graph\":[{\"@type\":\"WebPage\",\"@id\":\"https:\\\/\\\/abovetobacco.com\\\/product\\\/drifter-blue-razz-lemonade-ice-10ml-10mg\\\/\",\"url\":\"https:\\\/\\\/abovetobacco.com\\\/product\\\/drifter-blue-razz-lemonade-ice-10ml-10mg\\\/\",\"name\":\"DRIFTER Blue Razz Lemonade 10ml (10mg) | Zmeur\u0103 Albastr\u0103 &amp; R\u0103coare\",\"isPartOf\":{\"@id\":\"https:\\\/\\\/abovetobacco.com\\\/#website\"},\"primaryImageOfPage\":{\"@id\":\"https:\\\/\\\/abovetobacco.com\\\/product\\\/drifter-blue-razz-lemonade-ice-10ml-10mg\\\/#primaryimage\"},\"image\":{\"@id\":\"https:\\\/\\\/abovetobacco.com\\\/product\\\/drifter-blue-razz-lemonade-ice-10ml-10mg\\\/#primaryimage\"},\"thumbnailUrl\":\"https:\\\/\\\/abovetobacco.com\\\/wp-content\\\/uploads\\\/2024\\\/09\\\/Drifter-RO-Blue-Razz-Lemonade-Ice-10ml-10mg-Render-V002-250324-CB.png\",\"datePublished\":\"2024-10-11T09:29:42+00:00\",\"dateModified\":\"2024-11-11T23:06:11+00:00\",\"description\":\"Amestec captivant de zmeur\u0103 albastr\u0103 \u0219i limonad\u0103, la 10mg nic salt, pentru un gust dulce-acri\u0219or r\u0103coritor\",\"breadcrumb\":{\"@id\":\"https:\\\/\\\/abovetobacco.com\\\/product\\\/drifter-blue-razz-lemonade-ice-10ml-10mg\\\/#breadcrumb\"},\"inLanguage\":\"ro-RO\",\"potentialAction\":[{\"@type\":\"ReadAction\",\"target\":[\"https:\\\/\\\/abovetobacco.com\\\/product\\\/drifter-blue-razz-lemonade-ice-10ml-10mg\\\/\"]}]},{\"@type\":\"ImageObject\",\"inLanguage\":\"ro-RO\",\"@id\":\"https:\\\/\\\/abovetobacco.com\\\/product\\\/drifter-blue-razz-lemonade-ice-10ml-10mg\\\/#primaryimage\",\"url\":\"https:\\\/\\\/abovetobacco.com\\\/wp-content\\\/uploads\\\/2024\\\/09\\\/Drifter-RO-Blue-Razz-Lemonade-Ice-10ml-10mg-Render-V002-250324-CB.png\",\"contentUrl\":\"https:\\\/\\\/abovetobacco.com\\\/wp-content\\\/uploads\\\/2024\\\/09\\\/Drifter-RO-Blue-Razz-Lemonade-Ice-10ml-10mg-Render-V002-250324-CB.png\",\"width\":1080,\"height\":1080},{\"@type\":\"BreadcrumbList\",\"@id\":\"https:\\\/\\\/abovetobacco.com\\\/product\\\/drifter-blue-razz-lemonade-ice-10ml-10mg\\\/#breadcrumb\",\"itemListElement\":[{\"@type\":\"ListItem\",\"position\":1,\"name\":\"Home\",\"item\":\"https:\\\/\\\/abovetobacco.com\\\/ro\\\/\"},{\"@type\":\"ListItem\",\"position\":2,\"name\":\"Shop\",\"item\":\"https:\\\/\\\/abovetobacco.com\\\/shop\\\/\"},{\"@type\":\"ListItem\",\"position\":3,\"name\":\"DRIFTER &#8211; Blue Razz Lemonade Ice, 10ml, 10mg\"}]},{\"@type\":\"WebSite\",\"@id\":\"https:\\\/\\\/abovetobacco.com\\\/#website\",\"url\":\"https:\\\/\\\/abovetobacco.com\\\/\",\"name\":\"Above Tobacco\",\"description\":\"Vaping Redefined\",\"publisher\":{\"@id\":\"https:\\\/\\\/abovetobacco.com\\\/#organization\"},\"potentialAction\":[{\"@type\":\"SearchAction\",\"target\":{\"@type\":\"EntryPoint\",\"urlTemplate\":\"https:\\\/\\\/abovetobacco.com\\\/?s={search_term_string}\"},\"query-input\":{\"@type\":\"PropertyValueSpecification\",\"valueRequired\":true,\"valueName\":\"search_term_string\"}}],\"inLanguage\":\"ro-RO\"},{\"@type\":\"Organization\",\"@id\":\"https:\\\/\\\/abovetobacco.com\\\/#organization\",\"name\":\"Above Tobacco\",\"url\":\"https:\\\/\\\/abovetobacco.com\\\/\",\"logo\":{\"@type\":\"ImageObject\",\"inLanguage\":\"ro-RO\",\"@id\":\"https:\\\/\\\/abovetobacco.com\\\/#\\\/schema\\\/logo\\\/image\\\/\",\"url\":\"http:\\\/\\\/abovetobacco.com\\\/wp-content\\\/uploads\\\/2024\\\/10\\\/Asset-3@4x.webp\",\"contentUrl\":\"http:\\\/\\\/abovetobacco.com\\\/wp-content\\\/uploads\\\/2024\\\/10\\\/Asset-3@4x.webp\",\"width\":1676,\"height\":569,\"caption\":\"Above Tobacco\"},\"image\":{\"@id\":\"https:\\\/\\\/abovetobacco.com\\\/#\\\/schema\\\/logo\\\/image\\\/\"},\"sameAs\":[\"https:\\\/\\\/www.facebook.com\\\/profile.php?id=61570124412529\",\"https:\\\/\\\/www.instagram.com\\\/abovetobacco\"]}]}<\/script>\n<!-- \/ Yoast SEO plugin. -->","yoast_head_json":{"title":"DRIFTER Blue Razz Lemonade 10ml (10mg) | Zmeur\u0103 Albastr\u0103 &amp; R\u0103coare","description":"Amestec captivant de zmeur\u0103 albastr\u0103 \u0219i limonad\u0103, la 10mg nic salt, pentru un gust dulce-acri\u0219or r\u0103coritor","robots":{"index":"index","follow":"follow","max-snippet":"max-snippet:-1","max-image-preview":"max-image-preview:large","max-video-preview":"max-video-preview:-1"},"canonical":"https:\/\/abovetobacco.com\/product\/drifter-blue-razz-lemonade-ice-10ml-10mg\/","og_locale":"ro_RO","og_type":"article","og_title":"DRIFTER Blue Razz Lemonade 10ml (10mg) | Zmeur\u0103 Albastr\u0103 &amp; R\u0103coare","og_description":"Amestec captivant de zmeur\u0103 albastr\u0103 \u0219i limonad\u0103, la 10mg nic salt, pentru un gust dulce-acri\u0219or r\u0103coritor","og_url":"https:\/\/abovetobacco.com\/product\/drifter-blue-razz-lemonade-ice-10ml-10mg\/","og_site_name":"Above Tobacco","article_publisher":"https:\/\/www.facebook.com\/profile.php?id=61570124412529","article_modified_time":"2024-11-11T23:06:11+00:00","og_image":[{"width":1080,"height":1080,"url":"https:\/\/abovetobacco.com\/wp-content\/uploads\/2024\/09\/Drifter-RO-Blue-Razz-Lemonade-Ice-10ml-10mg-Render-V002-250324-CB.png","type":"image\/png"}],"twitter_card":"summary_large_image","schema":{"@context":"https:\/\/schema.org","@graph":[{"@type":"WebPage","@id":"https:\/\/abovetobacco.com\/product\/drifter-blue-razz-lemonade-ice-10ml-10mg\/","url":"https:\/\/abovetobacco.com\/product\/drifter-blue-razz-lemonade-ice-10ml-10mg\/","name":"DRIFTER Blue Razz Lemonade 10ml (10mg) | Zmeur\u0103 Albastr\u0103 &amp; R\u0103coare","isPartOf":{"@id":"https:\/\/abovetobacco.com\/#website"},"primaryImageOfPage":{"@id":"https:\/\/abovetobacco.com\/product\/drifter-blue-razz-lemonade-ice-10ml-10mg\/#primaryimage"},"image":{"@id":"https:\/\/abovetobacco.com\/product\/drifter-blue-razz-lemonade-ice-10ml-10mg\/#primaryimage"},"thumbnailUrl":"https:\/\/abovetobacco.com\/wp-content\/uploads\/2024\/09\/Drifter-RO-Blue-Razz-Lemonade-Ice-10ml-10mg-Render-V002-250324-CB.png","datePublished":"2024-10-11T09:29:42+00:00","dateModified":"2024-11-11T23:06:11+00:00","description":"Amestec captivant de zmeur\u0103 albastr\u0103 \u0219i limonad\u0103, la 10mg nic salt, pentru un gust dulce-acri\u0219or r\u0103coritor","breadcrumb":{"@id":"https:\/\/abovetobacco.com\/product\/drifter-blue-razz-lemonade-ice-10ml-10mg\/#breadcrumb"},"inLanguage":"ro-RO","potentialAction":[{"@type":"ReadAction","target":["https:\/\/abovetobacco.com\/product\/drifter-blue-razz-lemonade-ice-10ml-10mg\/"]}]},{"@type":"ImageObject","inLanguage":"ro-RO","@id":"https:\/\/abovetobacco.com\/product\/drifter-blue-razz-lemonade-ice-10ml-10mg\/#primaryimage","url":"https:\/\/abovetobacco.com\/wp-content\/uploads\/2024\/09\/Drifter-RO-Blue-Razz-Lemonade-Ice-10ml-10mg-Render-V002-250324-CB.png","contentUrl":"https:\/\/abovetobacco.com\/wp-content\/uploads\/2024\/09\/Drifter-RO-Blue-Razz-Lemonade-Ice-10ml-10mg-Render-V002-250324-CB.png","width":1080,"height":1080},{"@type":"BreadcrumbList","@id":"https:\/\/abovetobacco.com\/product\/drifter-blue-razz-lemonade-ice-10ml-10mg\/#breadcrumb","itemListElement":[{"@type":"ListItem","position":1,"name":"Home","item":"https:\/\/abovetobacco.com\/ro\/"},{"@type":"ListItem","position":2,"name":"Shop","item":"https:\/\/abovetobacco.com\/shop\/"},{"@type":"ListItem","position":3,"name":"DRIFTER &#8211; Blue Razz Lemonade Ice, 10ml, 10mg"}]},{"@type":"WebSite","@id":"https:\/\/abovetobacco.com\/#website","url":"https:\/\/abovetobacco.com\/","name":"Above Tobacco","description":"Vaping Redefined","publisher":{"@id":"https:\/\/abovetobacco.com\/#organization"},"potentialAction":[{"@type":"SearchAction","target":{"@type":"EntryPoint","urlTemplate":"https:\/\/abovetobacco.com\/?s={search_term_string}"},"query-input":{"@type":"PropertyValueSpecification","valueRequired":true,"valueName":"search_term_string"}}],"inLanguage":"ro-RO"},{"@type":"Organization","@id":"https:\/\/abovetobacco.com\/#organization","name":"Above Tobacco","url":"https:\/\/abovetobacco.com\/","logo":{"@type":"ImageObject","inLanguage":"ro-RO","@id":"https:\/\/abovetobacco.com\/#\/schema\/logo\/image\/","url":"http:\/\/abovetobacco.com\/wp-content\/uploads\/2024\/10\/Asset-3@4x.webp","contentUrl":"http:\/\/abovetobacco.com\/wp-content\/uploads\/2024\/10\/Asset-3@4x.webp","width":1676,"height":569,"caption":"Above Tobacco"},"image":{"@id":"https:\/\/abovetobacco.com\/#\/schema\/logo\/image\/"},"sameAs":["https:\/\/www.facebook.com\/profile.php?id=61570124412529","https:\/\/www.instagram.com\/abovetobacco"]}]}},"_links":{"self":[{"href":"https:\/\/abovetobacco.com\/ro\/wp-json\/wp\/v2\/product\/30750","targetHints":{"allow":["GET"]}}],"collection":[{"href":"https:\/\/abovetobacco.com\/ro\/wp-json\/wp\/v2\/product"}],"about":[{"href":"https:\/\/abovetobacco.com\/ro\/wp-json\/wp\/v2\/types\/product"}],"replies":[{"embeddable":true,"href":"https:\/\/abovetobacco.com\/ro\/wp-json\/wp\/v2\/comments?post=30750"}],"version-history":[{"count":5,"href":"https:\/\/abovetobacco.com\/ro\/wp-json\/wp\/v2\/product\/30750\/revisions"}],"predecessor-version":[{"id":33843,"href":"https:\/\/abovetobacco.com\/ro\/wp-json\/wp\/v2\/product\/30750\/revisions\/33843"}],"wp:featuredmedia":[{"embeddable":true,"href":"https:\/\/abovetobacco.com\/ro\/wp-json\/wp\/v2\/media\/28173"}],"wp:attachment":[{"href":"https:\/\/abovetobacco.com\/ro\/wp-json\/wp\/v2\/media?parent=30750"}],"wp:term":[{"taxonomy":"product_brand","embeddable":true,"href":"https:\/\/abovetobacco.com\/ro\/wp-json\/wp\/v2\/product_brand?post=30750"},{"taxonomy":"product_cat","embeddable":true,"href":"https:\/\/abovetobacco.com\/ro\/wp-json\/wp\/v2\/product_cat?post=30750"},{"taxonomy":"product_tag","embeddable":true,"href":"https:\/\/abovetobacco.com\/ro\/wp-json\/wp\/v2\/product_tag?post=30750"}],"curies":[{"name":"wp","href":"https:\/\/api.w.org\/{rel}","templated":true}]}}