{"id":32326,"date":"2021-10-12T15:51:09","date_gmt":"2021-10-12T15:51:09","guid":{"rendered":"https:\/\/abovetobacco.com\/despre-noi\/"},"modified":"2024-10-10T10:13:49","modified_gmt":"2024-10-10T10:13:49","slug":"despre-noi","status":"publish","type":"page","link":"https:\/\/abovetobacco.com\/ro\/despre-noi\/","title":{"rendered":"Despre noi"},"content":{"rendered":"\t\t<div data-elementor-type=\"wp-page\" data-elementor-id=\"32326\" class=\"elementor elementor-32326 elementor-4400\">\n\t\t\t\t<div class=\"wd-negative-gap elementor-element elementor-element-7c7c544 e-flex e-con-boxed e-con e-parent\" data-id=\"7c7c544\" data-element_type=\"container\" data-e-type=\"container\">\n\t\t\t\t\t<div class=\"e-con-inner\">\n\t\t<div class=\"elementor-element elementor-element-e7cb5cd e-con-full e-flex e-con e-child\" data-id=\"e7cb5cd\" data-element_type=\"container\" data-e-type=\"container\">\n\t\t\t\t<div class=\"elementor-element elementor-element-56aec39 elementor-widget elementor-widget-wd_image_or_svg\" data-id=\"56aec39\" data-element_type=\"widget\" data-e-type=\"widget\" data-widget_type=\"wd_image_or_svg.default\">\n\t\t\t\t<div class=\"elementor-widget-container\">\n\t\t\t\t\t\n\t\t<div class=\"wd-image text-left\">\n\t\t\t\t\t\t\t\t<img decoding=\"async\" width=\"580\" height=\"580\" src=\"https:\/\/abovetobacco.com\/wp-content\/uploads\/2021\/10\/about-us-3-image-1.jpg\" class=\"attachment-full size-full\" alt=\"\" srcset=\"https:\/\/abovetobacco.com\/wp-content\/uploads\/2021\/10\/about-us-3-image-1.jpg 580w, https:\/\/abovetobacco.com\/wp-content\/uploads\/2021\/10\/about-us-3-image-1-430x430.jpg 430w, https:\/\/abovetobacco.com\/wp-content\/uploads\/2021\/10\/about-us-3-image-1-150x150.jpg 150w\" sizes=\"(max-width: 580px) 100vw, 580px\" \/>\t\t\t\t\t<\/div>\n\n\t\t\t\t\t\t<\/div>\n\t\t\t\t<\/div>\n\t\t\t\t<\/div>\n\t\t<div class=\"elementor-element elementor-element-97d6084 e-con-full e-flex e-con e-child\" data-id=\"97d6084\" data-element_type=\"container\" data-e-type=\"container\">\n\t\t\t\t<div class=\"elementor-element elementor-element-98d830b elementor-widget__width-initial wd-width-100 elementor-widget elementor-widget-wd_title\" data-id=\"98d830b\" data-element_type=\"widget\" data-e-type=\"widget\" data-widget_type=\"wd_title.default\">\n\t\t\t\t<div class=\"elementor-widget-container\">\n\t\t\t\t\t\t\t<div class=\"title-wrapper wd-set-mb reset-last-child wd-title-color-primary wd-title-style-bordered wd-title-size-extra-large text-center\">\n\n\t\t\t\t\t\t\t\t\t\t\t<div class=\"title-subtitle subtitle-color-primary subtitle-style-default wd-fontsize-m\">\n\t\t\t\t\tDeasupra tutunului\t\t\t\t<\/div>\n\t\t\t\n\t\t\t<div class=\"liner-continer\">\n\t\t\t\t<h3 class=\"woodmart-title-container title wd-fontsize-xxxl\">Despre noi<\/h3> \n\t\t\t\t\t\t\t<\/div>\n\n\t\t\t\t\t<\/div>\n\t\t\t\t\t\t<\/div>\n\t\t\t\t<\/div>\n\t\t\t\t<div class=\"elementor-element elementor-element-66e47ad elementor-widget elementor-widget-wd_text_block\" data-id=\"66e47ad\" data-element_type=\"widget\" data-e-type=\"widget\" data-widget_type=\"wd_text_block.default\">\n\t\t\t\t<div class=\"elementor-widget-container\">\n\t\t\t\t\t\t\t<div class=\"wd-text-block reset-last-child text-center\">\n\t\t\t\n\t\t\t<p>Above Tobacco, o \u00eentreprindere vizionar\u0103 din portofoliul 1710 Ventures, este \u00een fruntea redefinirii experien\u021bei fumatului.<br \/>\nSpecializat\u0103 \u00een vapoare \u0219i produse inovative non-tradi\u021bionale din tutun, ne angaj\u0103m s\u0103 revolu\u021bion\u0103m industria prin tehnologie \u0219i design.<br \/>\nPrin valorificarea cercet\u0103rii \u0219i dezvolt\u0103rii de ultim\u0103 or\u0103, cre\u0103m produse care nu sunt doar superioare ca calitate, dar se aliniaz\u0103 \u0219i cu stilul de via\u021b\u0103 \u0219i valorile consumatorilor moderni, care prioritizeaz\u0103 s\u0103n\u0103tatea, stilul \u0219i sustenabilitatea.  <\/p>\n<p>Colaborarea noastr\u0103 cu 1710 Ventures alimenteaz\u0103 dorin\u021ba noastr\u0103 de excelen\u021b\u0103 \u0219i inova\u021bie, oferindu-ne resursele \u0219i re\u021beaua necesar\u0103 pentru a conduce tendin\u021bele pie\u021bei \u0219i a dep\u0103\u0219i a\u0219tept\u0103rile consumatorilor.<br \/>\nAbove Tobacco nu doar c\u0103 creeaz\u0103 produse; noi stabilim noi standarde pentru responsabilitatea mediului \u0219i social\u0103 \u00een industrie. <\/p>\n\n\t\t\t\t\t<\/div>\n\t\t\t\t\t\t<\/div>\n\t\t\t\t<\/div>\n\t\t<div class=\"elementor-element elementor-element-3eef7d8 e-con-full e-flex e-con e-child\" data-id=\"3eef7d8\" data-element_type=\"container\" data-e-type=\"container\">\n\t\t\t\t<div class=\"elementor-element elementor-element-ee232e9 elementor-widget__width-auto elementor-hidden-phone elementor-widget elementor-widget-wd_social_buttons\" data-id=\"ee232e9\" data-element_type=\"widget\" data-e-type=\"widget\" data-widget_type=\"wd_social_buttons.default\">\n\t\t\t\t<div class=\"elementor-widget-container\">\n\t\t\t\t\t\t\t\t<div\n\t\t\t\t\t\tclass=\" wd-social-icons wd-style-colored-alt wd-size-small social-share wd-shape-circle color-scheme-dark text-left\">\n\t\t\t\t\n\t\t\t\t\n\t\t\t\t\t\t\t\t\t<a rel=\"noopener noreferrer nofollow\" href=\"https:\/\/www.facebook.com\/sharer\/sharer.php?u=https:\/\/abovetobacco.com\/ro\/despre-noi\/\" target=\"_blank\" class=\" wd-social-icon social-facebook\" aria-label=\"Facebook social link\">\n\t\t\t\t\t\t<span class=\"wd-icon\"><\/span>\n\t\t\t\t\t\t\t\t\t\t\t<\/a>\n\t\t\t\t\n\t\t\t\t\t\t\t\t\t<a rel=\"noopener noreferrer nofollow\" href=\"https:\/\/x.com\/share?url=https:\/\/abovetobacco.com\/ro\/despre-noi\/\" target=\"_blank\" class=\" wd-social-icon social-twitter\" aria-label=\"X social link\">\n\t\t\t\t\t\t<span class=\"wd-icon\"><\/span>\n\t\t\t\t\t\t\t\t\t\t\t<\/a>\n\t\t\t\t\n\t\t\t\t\n\t\t\t\t\n\t\t\t\t\n\t\t\t\t\n\t\t\t\t\n\t\t\t\t\t\t\t\t\t<a rel=\"noopener noreferrer nofollow\" href=\"https:\/\/pinterest.com\/pin\/create\/button\/?url=https:\/\/abovetobacco.com\/ro\/despre-noi\/&#038;media=https:\/\/abovetobacco.com\/wp-includes\/images\/media\/default.svg&#038;description=Despre%20noi\" target=\"_blank\" class=\" wd-social-icon social-pinterest\" aria-label=\"Pinterest social link\">\n\t\t\t\t\t\t<span class=\"wd-icon\"><\/span>\n\t\t\t\t\t\t\t\t\t\t\t<\/a>\n\t\t\t\t\n\t\t\t\t\n\t\t\t\t\t\t\t\t\t<a rel=\"noopener noreferrer nofollow\" href=\"https:\/\/www.linkedin.com\/shareArticle?mini=true&#038;url=https:\/\/abovetobacco.com\/ro\/despre-noi\/\" target=\"_blank\" class=\" wd-social-icon social-linkedin\" aria-label=\"Linkedin social link\">\n\t\t\t\t\t\t<span class=\"wd-icon\"><\/span>\n\t\t\t\t\t\t\t\t\t\t\t<\/a>\n\t\t\t\t\n\t\t\t\t\n\t\t\t\t\n\t\t\t\t\n\t\t\t\t\n\t\t\t\t\n\t\t\t\t\n\t\t\t\t\n\t\t\t\t\n\t\t\t\t\n\t\t\t\t\n\t\t\t\t\n\t\t\t\t\n\t\t\t\t\n\t\t\t\t\n\t\t\t\t\t\t\t\t\t<a rel=\"noopener noreferrer nofollow\" href=\"https:\/\/telegram.me\/share\/url?url=https:\/\/abovetobacco.com\/ro\/despre-noi\/\" target=\"_blank\" class=\" wd-social-icon social-tg\" aria-label=\"Telegram social link\">\n\t\t\t\t\t\t<span class=\"wd-icon\"><\/span>\n\t\t\t\t\t\t\t\t\t\t\t<\/a>\n\t\t\t\t\n\t\t\t\t\n\t\t\t<\/div>\n\n\t\t\t\t\t\t<\/div>\n\t\t\t\t<\/div>\n\t\t\t\t<\/div>\n\t\t\t\t<\/div>\n\t\t\t\t\t<\/div>\n\t\t\t\t<\/div>\n\t\t<div class=\"wd-negative-gap elementor-element elementor-element-f567b36 e-flex e-con-boxed e-con e-parent\" data-id=\"f567b36\" data-element_type=\"container\" data-e-type=\"container\">\n\t\t\t\t\t<div class=\"e-con-inner\">\n\t\t\t\t<div class=\"elementor-element elementor-element-e98c60f elementor-widget elementor-widget-heading\" data-id=\"e98c60f\" data-element_type=\"widget\" data-e-type=\"widget\" data-widget_type=\"heading.default\">\n\t\t\t\t<div class=\"elementor-widget-container\">\n\t\t\t\t\t<h2 class=\"elementor-heading-title elementor-size-default\">Misiune<\/h2>\t\t\t\t<\/div>\n\t\t\t\t<\/div>\n\t\t\t\t\t<\/div>\n\t\t\t\t<\/div>\n\t\t<div class=\"wd-negative-gap elementor-element elementor-element-ae12d17 e-flex e-con-boxed e-con e-parent\" data-id=\"ae12d17\" data-element_type=\"container\" data-e-type=\"container\">\n\t\t\t\t\t<div class=\"e-con-inner\">\n\t\t\t\t<div class=\"elementor-element elementor-element-281d3ac elementor-widget elementor-widget-wd_text_block\" data-id=\"281d3ac\" data-element_type=\"widget\" data-e-type=\"widget\" data-widget_type=\"wd_text_block.default\">\n\t\t\t\t<div class=\"elementor-widget-container\">\n\t\t\t\t\t\t\t<div class=\"wd-text-block reset-last-child text-left\">\n\t\t\t\n\t\t\t<p class=\"p1\">La Above Tobacco, misiunea noastr\u0103 este s\u0103 inspir\u0103m o schimbare seismic\u0103 \u00een industria tutunului introduc\u00e2nd alternative avansate, prietenoase cu mediul, la produsele tradi\u021bionale de fumat.<br \/>\nCa parte a familiei 1710 Ventures, utiliz\u0103m rela\u021bii sinergice \u0219i cuno\u0219tin\u021be comune pentru a dezvolta vapoare \u0219i alte alternative care ofer\u0103 experien\u021be \u00eembun\u0103t\u0103\u021bite utilizatorilor f\u0103r\u0103 a compromite siguran\u021ba sau etica. <\/p>\n<p class=\"p1\">Ne dedic\u0103m \u00eembun\u0103t\u0103\u021birii continue \u0219i urm\u0103rim neobosit noi modalit\u0103\u021bi mai inteligente de a satisface nevoile consumatorilor no\u0219tri protej\u00e2nd \u00een acela\u0219i timp planeta.<br \/>\nScopul nostru este de a cultiva un brand sinonim cu inova\u021bia, calitatea \u0219i responsabilitatea - transform\u00e2nd fiecare provocare \u00eentr-o oportunitate de a conduce \u0219i inspira schimbarea \u00een industrie \u0219i dincolo de aceasta. <\/p>\n\n\t\t\t\t\t<\/div>\n\t\t\t\t\t\t<\/div>\n\t\t\t\t<\/div>\n\t\t\t\t\t<\/div>\n\t\t\t\t<\/div>\n\t\t\t\t<\/div>\n\t\t","protected":false},"excerpt":{"rendered":"<p>Deasupra tutunului Despre noi Above Tobacco, o \u00eentreprindere vizionar\u0103 din portofoliul 1710 Ventures, este \u00een fruntea redefinirii experien\u021bei fumatului. Specializat\u0103<\/p>\n","protected":false},"author":1,"featured_media":0,"parent":0,"menu_order":0,"comment_status":"closed","ping_status":"closed","template":"","meta":{"footnotes":""},"class_list":["post-32326","page","type-page","status-publish","hentry"],"yoast_head":"<!-- This site is optimized with the Yoast SEO plugin v27.4 - https:\/\/yoast.com\/product\/yoast-seo-wordpress\/ -->\n<title>Despre noi - Above Tobacco<\/title>\n<meta name=\"robots\" content=\"index, follow, max-snippet:-1, max-image-preview:large, max-video-preview:-1\" \/>\n<link rel=\"canonical\" href=\"https:\/\/abovetobacco.com\/ro\/despre-noi\/\" \/>\n<meta property=\"og:locale\" content=\"ro_RO\" \/>\n<meta property=\"og:type\" content=\"article\" \/>\n<meta property=\"og:title\" content=\"Despre noi - Above Tobacco\" \/>\n<meta property=\"og:description\" content=\"Deasupra tutunului Despre noi Above Tobacco, o \u00eentreprindere vizionar\u0103 din portofoliul 1710 Ventures, este \u00een fruntea redefinirii experien\u021bei fumatului. Specializat\u0103\" \/>\n<meta property=\"og:url\" content=\"https:\/\/abovetobacco.com\/ro\/despre-noi\/\" \/>\n<meta property=\"og:site_name\" content=\"Above Tobacco\" \/>\n<meta property=\"article:publisher\" content=\"https:\/\/www.facebook.com\/profile.php?id=61570124412529\" \/>\n<meta property=\"article:modified_time\" content=\"2024-10-10T10:13:49+00:00\" \/>\n<meta property=\"og:image\" content=\"http:\/\/abovetobacco.com\/wp-content\/uploads\/2021\/10\/about-us-3-image-1.jpg\" \/>\n<meta name=\"twitter:card\" content=\"summary_large_image\" \/>\n<meta name=\"twitter:label1\" content=\"Timp estimat pentru citire\" \/>\n\t<meta name=\"twitter:data1\" content=\"1 minut\" \/>\n<script type=\"application\/ld+json\" class=\"yoast-schema-graph\">{\"@context\":\"https:\\\/\\\/schema.org\",\"@graph\":[{\"@type\":\"WebPage\",\"@id\":\"https:\\\/\\\/abovetobacco.com\\\/ro\\\/despre-noi\\\/\",\"url\":\"https:\\\/\\\/abovetobacco.com\\\/ro\\\/despre-noi\\\/\",\"name\":\"Despre noi - Above Tobacco\",\"isPartOf\":{\"@id\":\"https:\\\/\\\/abovetobacco.com\\\/#website\"},\"primaryImageOfPage\":{\"@id\":\"https:\\\/\\\/abovetobacco.com\\\/ro\\\/despre-noi\\\/#primaryimage\"},\"image\":{\"@id\":\"https:\\\/\\\/abovetobacco.com\\\/ro\\\/despre-noi\\\/#primaryimage\"},\"thumbnailUrl\":\"http:\\\/\\\/abovetobacco.com\\\/wp-content\\\/uploads\\\/2021\\\/10\\\/about-us-3-image-1.jpg\",\"datePublished\":\"2021-10-12T15:51:09+00:00\",\"dateModified\":\"2024-10-10T10:13:49+00:00\",\"breadcrumb\":{\"@id\":\"https:\\\/\\\/abovetobacco.com\\\/ro\\\/despre-noi\\\/#breadcrumb\"},\"inLanguage\":\"ro-RO\",\"potentialAction\":[{\"@type\":\"ReadAction\",\"target\":[\"https:\\\/\\\/abovetobacco.com\\\/ro\\\/despre-noi\\\/\"]}]},{\"@type\":\"ImageObject\",\"inLanguage\":\"ro-RO\",\"@id\":\"https:\\\/\\\/abovetobacco.com\\\/ro\\\/despre-noi\\\/#primaryimage\",\"url\":\"http:\\\/\\\/abovetobacco.com\\\/wp-content\\\/uploads\\\/2021\\\/10\\\/about-us-3-image-1.jpg\",\"contentUrl\":\"http:\\\/\\\/abovetobacco.com\\\/wp-content\\\/uploads\\\/2021\\\/10\\\/about-us-3-image-1.jpg\"},{\"@type\":\"BreadcrumbList\",\"@id\":\"https:\\\/\\\/abovetobacco.com\\\/ro\\\/despre-noi\\\/#breadcrumb\",\"itemListElement\":[{\"@type\":\"ListItem\",\"position\":1,\"name\":\"Home\",\"item\":\"https:\\\/\\\/abovetobacco.com\\\/ro\\\/\"},{\"@type\":\"ListItem\",\"position\":2,\"name\":\"Despre noi\"}]},{\"@type\":\"WebSite\",\"@id\":\"https:\\\/\\\/abovetobacco.com\\\/#website\",\"url\":\"https:\\\/\\\/abovetobacco.com\\\/\",\"name\":\"Above Tobacco\",\"description\":\"Vaping Redefined\",\"publisher\":{\"@id\":\"https:\\\/\\\/abovetobacco.com\\\/#organization\"},\"potentialAction\":[{\"@type\":\"SearchAction\",\"target\":{\"@type\":\"EntryPoint\",\"urlTemplate\":\"https:\\\/\\\/abovetobacco.com\\\/?s={search_term_string}\"},\"query-input\":{\"@type\":\"PropertyValueSpecification\",\"valueRequired\":true,\"valueName\":\"search_term_string\"}}],\"inLanguage\":\"ro-RO\"},{\"@type\":\"Organization\",\"@id\":\"https:\\\/\\\/abovetobacco.com\\\/#organization\",\"name\":\"Above Tobacco\",\"url\":\"https:\\\/\\\/abovetobacco.com\\\/\",\"logo\":{\"@type\":\"ImageObject\",\"inLanguage\":\"ro-RO\",\"@id\":\"https:\\\/\\\/abovetobacco.com\\\/#\\\/schema\\\/logo\\\/image\\\/\",\"url\":\"http:\\\/\\\/abovetobacco.com\\\/wp-content\\\/uploads\\\/2024\\\/10\\\/Asset-3@4x.webp\",\"contentUrl\":\"http:\\\/\\\/abovetobacco.com\\\/wp-content\\\/uploads\\\/2024\\\/10\\\/Asset-3@4x.webp\",\"width\":1676,\"height\":569,\"caption\":\"Above Tobacco\"},\"image\":{\"@id\":\"https:\\\/\\\/abovetobacco.com\\\/#\\\/schema\\\/logo\\\/image\\\/\"},\"sameAs\":[\"https:\\\/\\\/www.facebook.com\\\/profile.php?id=61570124412529\",\"https:\\\/\\\/www.instagram.com\\\/abovetobacco\"]}]}<\/script>\n<!-- \/ Yoast SEO plugin. -->","yoast_head_json":{"title":"Despre noi - Above Tobacco","robots":{"index":"index","follow":"follow","max-snippet":"max-snippet:-1","max-image-preview":"max-image-preview:large","max-video-preview":"max-video-preview:-1"},"canonical":"https:\/\/abovetobacco.com\/ro\/despre-noi\/","og_locale":"ro_RO","og_type":"article","og_title":"Despre noi - Above Tobacco","og_description":"Deasupra tutunului Despre noi Above Tobacco, o \u00eentreprindere vizionar\u0103 din portofoliul 1710 Ventures, este \u00een fruntea redefinirii experien\u021bei fumatului. Specializat\u0103","og_url":"https:\/\/abovetobacco.com\/ro\/despre-noi\/","og_site_name":"Above Tobacco","article_publisher":"https:\/\/www.facebook.com\/profile.php?id=61570124412529","article_modified_time":"2024-10-10T10:13:49+00:00","og_image":[{"url":"http:\/\/abovetobacco.com\/wp-content\/uploads\/2021\/10\/about-us-3-image-1.jpg","type":"","width":"","height":""}],"twitter_card":"summary_large_image","twitter_misc":{"Timp estimat pentru citire":"1 minut"},"schema":{"@context":"https:\/\/schema.org","@graph":[{"@type":"WebPage","@id":"https:\/\/abovetobacco.com\/ro\/despre-noi\/","url":"https:\/\/abovetobacco.com\/ro\/despre-noi\/","name":"Despre noi - Above Tobacco","isPartOf":{"@id":"https:\/\/abovetobacco.com\/#website"},"primaryImageOfPage":{"@id":"https:\/\/abovetobacco.com\/ro\/despre-noi\/#primaryimage"},"image":{"@id":"https:\/\/abovetobacco.com\/ro\/despre-noi\/#primaryimage"},"thumbnailUrl":"http:\/\/abovetobacco.com\/wp-content\/uploads\/2021\/10\/about-us-3-image-1.jpg","datePublished":"2021-10-12T15:51:09+00:00","dateModified":"2024-10-10T10:13:49+00:00","breadcrumb":{"@id":"https:\/\/abovetobacco.com\/ro\/despre-noi\/#breadcrumb"},"inLanguage":"ro-RO","potentialAction":[{"@type":"ReadAction","target":["https:\/\/abovetobacco.com\/ro\/despre-noi\/"]}]},{"@type":"ImageObject","inLanguage":"ro-RO","@id":"https:\/\/abovetobacco.com\/ro\/despre-noi\/#primaryimage","url":"http:\/\/abovetobacco.com\/wp-content\/uploads\/2021\/10\/about-us-3-image-1.jpg","contentUrl":"http:\/\/abovetobacco.com\/wp-content\/uploads\/2021\/10\/about-us-3-image-1.jpg"},{"@type":"BreadcrumbList","@id":"https:\/\/abovetobacco.com\/ro\/despre-noi\/#breadcrumb","itemListElement":[{"@type":"ListItem","position":1,"name":"Home","item":"https:\/\/abovetobacco.com\/ro\/"},{"@type":"ListItem","position":2,"name":"Despre noi"}]},{"@type":"WebSite","@id":"https:\/\/abovetobacco.com\/#website","url":"https:\/\/abovetobacco.com\/","name":"Above Tobacco","description":"Vaping Redefined","publisher":{"@id":"https:\/\/abovetobacco.com\/#organization"},"potentialAction":[{"@type":"SearchAction","target":{"@type":"EntryPoint","urlTemplate":"https:\/\/abovetobacco.com\/?s={search_term_string}"},"query-input":{"@type":"PropertyValueSpecification","valueRequired":true,"valueName":"search_term_string"}}],"inLanguage":"ro-RO"},{"@type":"Organization","@id":"https:\/\/abovetobacco.com\/#organization","name":"Above Tobacco","url":"https:\/\/abovetobacco.com\/","logo":{"@type":"ImageObject","inLanguage":"ro-RO","@id":"https:\/\/abovetobacco.com\/#\/schema\/logo\/image\/","url":"http:\/\/abovetobacco.com\/wp-content\/uploads\/2024\/10\/Asset-3@4x.webp","contentUrl":"http:\/\/abovetobacco.com\/wp-content\/uploads\/2024\/10\/Asset-3@4x.webp","width":1676,"height":569,"caption":"Above Tobacco"},"image":{"@id":"https:\/\/abovetobacco.com\/#\/schema\/logo\/image\/"},"sameAs":["https:\/\/www.facebook.com\/profile.php?id=61570124412529","https:\/\/www.instagram.com\/abovetobacco"]}]}},"_links":{"self":[{"href":"https:\/\/abovetobacco.com\/ro\/wp-json\/wp\/v2\/pages\/32326","targetHints":{"allow":["GET"]}}],"collection":[{"href":"https:\/\/abovetobacco.com\/ro\/wp-json\/wp\/v2\/pages"}],"about":[{"href":"https:\/\/abovetobacco.com\/ro\/wp-json\/wp\/v2\/types\/page"}],"author":[{"embeddable":true,"href":"https:\/\/abovetobacco.com\/ro\/wp-json\/wp\/v2\/users\/1"}],"replies":[{"embeddable":true,"href":"https:\/\/abovetobacco.com\/ro\/wp-json\/wp\/v2\/comments?post=32326"}],"version-history":[{"count":3,"href":"https:\/\/abovetobacco.com\/ro\/wp-json\/wp\/v2\/pages\/32326\/revisions"}],"predecessor-version":[{"id":32399,"href":"https:\/\/abovetobacco.com\/ro\/wp-json\/wp\/v2\/pages\/32326\/revisions\/32399"}],"wp:attachment":[{"href":"https:\/\/abovetobacco.com\/ro\/wp-json\/wp\/v2\/media?parent=32326"}],"curies":[{"name":"wp","href":"https:\/\/api.w.org\/{rel}","templated":true}]}}