{"id":32297,"date":"2024-09-23T05:34:42","date_gmt":"2024-09-23T05:34:42","guid":{"rendered":"https:\/\/abovetobacco.com\/inregistrare-cu-ridicata\/"},"modified":"2024-10-10T05:14:21","modified_gmt":"2024-10-10T05:14:21","slug":"inregistrare-cu-ridicata","status":"publish","type":"page","link":"https:\/\/abovetobacco.com\/ro\/inregistrare-cu-ridicata\/","title":{"rendered":"\u00cenregistrare cump\u0103r\u0103tor angro"},"content":{"rendered":"<div class=\"woocommerce\">\n\t<div id=\"wwlc-registration-form\" data-redirect=\"\">\n    \t<div class=\"woocommerce wwlc-form-error\"><\/div><form method=\"post\" class=\"wwlc-register woocommerce-form woocommerce-form-register\" id=\"registration_form\"><input type=\"hidden\" id=\"wwlc_register_user_nonce_field\" name=\"wwlc_register_user_nonce_field\" value=\"d19f9760cd\" \/><input type=\"hidden\" name=\"_wp_http_referer\" value=\"\/ro\/wp-json\/wp\/v2\/pages\/32297\" \/><div style=\"display: none !important;\" class=\"honeypot\"><label for=\"honeypot-field\">Please Leave This Empty:<\/label><input type=\"text\" id=\"honeypot-field\" name=\"honeypot-field\" val=\"\"><\/div><p class=\"form-row field-set text-field-set first_name wwlc_registration_field form_field validate-required\" id=\"first_name_field\" data-priority=\"\"><label for=\"first_name\" class=\"required_field\">First Name&nbsp;<span class=\"required\" aria-hidden=\"true\">*<\/span><\/label><span class=\"woocommerce-input-wrapper\"><input type=\"text\" class=\"input-text wwlc_form_field\" name=\"first_name\" id=\"first_name\" placeholder=\"\"  value=\"\" data-required=\"yes\" aria-required=\"true\" \/><\/span><\/p><p class=\"form-row field-set text-field-set last_name wwlc_registration_field form_field validate-required\" id=\"last_name_field\" data-priority=\"\"><label for=\"last_name\" class=\"required_field\">Last Name&nbsp;<span class=\"required\" aria-hidden=\"true\">*<\/span><\/label><span class=\"woocommerce-input-wrapper\"><input type=\"text\" class=\"input-text wwlc_form_field\" name=\"last_name\" id=\"last_name\" placeholder=\"\"  value=\"\" data-required=\"yes\" aria-required=\"true\" \/><\/span><\/p><p class=\"form-row field-set text-field-set wwlc_company_name wwlc_registration_field form_field validate-required\" id=\"wwlc_company_name_field\" data-priority=\"\"><label for=\"wwlc_company_name\" class=\"required_field\">Company Name&nbsp;<span class=\"required\" aria-hidden=\"true\">*<\/span><\/label><span class=\"woocommerce-input-wrapper\"><input type=\"text\" class=\"input-text wwlc_form_field\" name=\"wwlc_company_name\" id=\"wwlc_company_name\" placeholder=\"Company Name\"  value=\"\" data-required=\"yes\" aria-required=\"true\" \/><\/span><\/p><p class=\"form-row field-set phone-field-set wwlc_phone wwlc_registration_field form_field validate-required\" id=\"wwlc_phone_field\" data-priority=\"\"><label for=\"wwlc_phone\" class=\"required_field\">Phone&nbsp;<span class=\"required\" aria-hidden=\"true\">*<\/span><\/label><span class=\"woocommerce-input-wrapper\"><input type=\"tel\" class=\"input-text wwlc_form_field phone\" name=\"wwlc_phone\" id=\"wwlc_phone\" placeholder=\"\"  value=\"\" data-phonemask=\"No format\" data-required=\"yes\" aria-required=\"true\" \/><\/span><\/p><p class=\"form-row field-set email-field-set user_email wwlc_registration_field form_field validate-required\" id=\"user_email_field\" data-priority=\"\"><label for=\"user_email\" class=\"required_field\">Email&nbsp;<span class=\"required\" aria-hidden=\"true\">*<\/span><\/label><span class=\"woocommerce-input-wrapper\"><input type=\"email\" class=\"input-text wwlc_form_field\" name=\"user_email\" id=\"user_email\" placeholder=\"\"  value=\"\" data-required=\"yes\" aria-required=\"true\" \/><\/span><\/p><p class=\"form-row field-set text-field-set wwlc_cf_cui_number wwlc_registration_field form_field wwlc_custom_field text_wwlc_custom_field validate-required\" id=\"wwlc_cf_cui_number_field\" data-priority=\"\"><label for=\"wwlc_cf_cui_number\" class=\"required_field\">CUI Number&nbsp;<span class=\"required\" aria-hidden=\"true\">*<\/span><\/label><span class=\"woocommerce-input-wrapper\"><input type=\"text\" class=\"input-text wwlc_form_field\" name=\"wwlc_cf_cui_number\" id=\"wwlc_cf_cui_number\" placeholder=\"CUI\"  value=\"\" data-required=\"yes\" aria-required=\"true\" \/><\/span><\/p><p class=\"form-row field-set wwlc_password-field-set wwlc_password wwlc_registration_field form_field validate-required\" id=\"wwlc_password\" data-sort=\"\"><label for=\"wwlc_password\" class=\"required_field\">Password <abbr class=\"required\" title=\"required\">*<\/abbr><\/label><input type=\"password\" class=\"input-text wwlc_form_field\" name=\"wwlc_password\" id=\"wwlc_password\" placeholder=\"Password\"  value=\"\" data-required=\"yes\" aria-required=\"true\" \/><span id=\"wwlc-password-strength\" class=\"wwlc-password-strength\"><\/span><\/p><p class=\"form-row wwlc_password_confirm-field-set wwlc_password_confirm form_field\"><label for=\"wwlc_password_confirm\" class=\"required_field\">Confirm password<\/label><input type=\"password\" class=\"input-text wwlc_form_field\" id=\"wwlc_password_confirm\" placeholder=\"\"><\/p><p class=\"form-row field-set select-field-set wwlc_country wwlc_registration_field form_field validate-required\" id=\"wwlc_country_field\" data-priority=\"\"><label for=\"wwlc_country\" class=\"required_field\">Country&nbsp;<span class=\"required\" aria-hidden=\"true\">*<\/span><\/label><span class=\"woocommerce-input-wrapper\"><select name=\"wwlc_country\" id=\"wwlc_country\" class=\"select wwlc_form_field\" data-required=\"yes\" aria-required=\"true\" data-placeholder=\"\">\n\t\t\t\t\t\t\t<option value=\"AF\" >Afganistan<\/option><option value=\"ZA\" >Africa de Sud<\/option><option value=\"AL\" >Albania<\/option><option value=\"DZ\" >Algeria<\/option><option value=\"AD\" >Andorra<\/option><option value=\"AO\" >Angola<\/option><option value=\"AI\" >Anguilla<\/option><option value=\"AQ\" >Antarctica<\/option><option value=\"AG\" >Antigua \u0219i Barbuda<\/option><option value=\"SA\" >Arabia Saudit\u0103<\/option><option value=\"AR\" >Argentina<\/option><option value=\"AM\" >Armenia<\/option><option value=\"AW\" >Aruba<\/option><option value=\"AU\" >Australia<\/option><option value=\"AT\" >Austria<\/option><option value=\"AZ\" >Azerbaidjan<\/option><option value=\"BS\" >Bahamas<\/option><option value=\"BH\" >Bahrain<\/option><option value=\"BD\" >Bangladesh<\/option><option value=\"BB\" >Barbados<\/option><option value=\"BY\" >Belarus<\/option><option value=\"PW\" >Belau<\/option><option value=\"BE\" >Belgia<\/option><option value=\"BZ\" >Belize<\/option><option value=\"BJ\" >Benin<\/option><option value=\"BM\" >Bermuda<\/option><option value=\"BT\" >Bhutan<\/option><option value=\"BO\" >Bolivia<\/option><option value=\"BQ\" >Bonaire, Saint Eustatius \u0219i Saba<\/option><option value=\"BA\" >Bosnia \u0219i Her\u021begovina<\/option><option value=\"BW\" >Botswana<\/option><option value=\"BR\" >Brazilia<\/option><option value=\"BN\" >Brunei<\/option><option value=\"BG\" >Bulgaria<\/option><option value=\"BF\" >Burkina Faso<\/option><option value=\"BI\" >Burundi<\/option><option value=\"CV\" >Cabo Verde<\/option><option value=\"KH\" >Cambodgia<\/option><option value=\"CM\" >Camerun<\/option><option value=\"CA\" >Canada<\/option><option value=\"CZ\" >Cehia<\/option><option value=\"CL\" >Chile<\/option><option value=\"CN\" >China<\/option><option value=\"TD\" >Ciad<\/option><option value=\"CY\" >Cipru<\/option><option value=\"CI\" >Coasta de Filde\u0219<\/option><option value=\"CO\" >Columbia<\/option><option value=\"KM\" >Comore<\/option><option value=\"MP\" >Comunitatea Insulelor Mariane de Nord<\/option><option value=\"CG\" >Congo (Brazzaville)<\/option><option value=\"CD\" >Congo (Kinshasa)<\/option><option value=\"KP\" >Coreea de Nord<\/option><option value=\"KR\" >Coreea de Sud<\/option><option value=\"CR\" >Costa Rica<\/option><option value=\"HR\" >Croa\u021bia<\/option><option value=\"CU\" >Cuba<\/option><option value=\"CW\" >Cura\u00e7ao<\/option><option value=\"DK\" >Danemarca<\/option><option value=\"DJ\" >Djibouti<\/option><option value=\"DM\" >Dominica<\/option><option value=\"EC\" >Ecuador<\/option><option value=\"EG\" >Egipt<\/option><option value=\"SV\" >El Salvador<\/option><option value=\"CH\" >Elve\u021bia<\/option><option value=\"AE\" >Emiratele Arabe Unite<\/option><option value=\"ER\" >Eritreea<\/option><option value=\"EE\" >Estonia<\/option><option value=\"SZ\" >Eswatini<\/option><option value=\"ET\" >Etiopia<\/option><option value=\"FJ\" >Fiji<\/option><option value=\"PH\" >Filipine<\/option><option value=\"FI\" >Finlanda<\/option><option value=\"FR\" >Fran\u021ba<\/option><option value=\"GA\" >Gabon<\/option><option value=\"GM\" >Gambia<\/option><option value=\"GE\" >Georgia<\/option><option value=\"DE\" >Germania<\/option><option value=\"GH\" >Ghana<\/option><option value=\"GI\" >Gibraltar<\/option><option value=\"GR\" >Grecia<\/option><option value=\"GD\" >Grenada<\/option><option value=\"GL\" >Groenlanda<\/option><option value=\"GP\" >Guadelupa<\/option><option value=\"GU\" >Guam<\/option><option value=\"GT\" >Guatemala<\/option><option value=\"GG\" >Guernsey<\/option><option value=\"GN\" >Guineea<\/option><option value=\"GQ\" >Guineea Ecuatorial\u0103<\/option><option value=\"GW\" >Guineea-Bissau<\/option><option value=\"GY\" >Guyana<\/option><option value=\"GF\" >Guyana Francez\u0103<\/option><option value=\"HT\" >Haiti<\/option><option value=\"HN\" >Honduras<\/option><option value=\"HK\" >Hong Kong<\/option><option value=\"IN\" >India<\/option><option value=\"ID\" >Indonezia<\/option><option value=\"BV\" >Insula Bouvet<\/option><option value=\"CX\" >Insula Christmas<\/option><option value=\"HM\" >Insula Heard \u0219i Insulele McDonald<\/option><option value=\"IM\" >Insula Man<\/option><option value=\"NF\" >Insula Norfolk<\/option><option value=\"SX\" >Insula Sf\u00e2ntul Martin<\/option><option value=\"MF\" >Insula Sf\u00e2ntul Martin (partea francez\u0103)<\/option><option value=\"AX\" >Insulele \u00c5land<\/option><option value=\"KY\" >Insulele Cayman<\/option><option value=\"CC\" >Insulele Cocos (Keeling)<\/option><option value=\"CK\" >Insulele Cook<\/option><option value=\"FK\" >Insulele Falkland<\/option><option value=\"FO\" >Insulele Feroe<\/option><option value=\"GS\" >Insulele Georgia de Sud \u0219i Sandwich<\/option><option value=\"MH\" >Insulele Marshall<\/option><option value=\"UM\" >Insulele Minore \u00cendep\u0103rtate ale Statelor Unite<\/option><option value=\"PN\" >Insulele Pitcairn<\/option><option value=\"SB\" >Insulele Solomon<\/option><option value=\"TC\" >Insulele Turks \u0219i Caicos<\/option><option value=\"VI\" >Insulele Virgine (S.U.A.)<\/option><option value=\"VG\" >Insulele Virgine Britanice<\/option><option value=\"JO\" >Iordania<\/option><option value=\"IQ\" >Irak<\/option><option value=\"IR\" >Iran<\/option><option value=\"IE\" >Irlanda<\/option><option value=\"IS\" >Islanda<\/option><option value=\"IL\" >Israel<\/option><option value=\"IT\" >Italia<\/option><option value=\"JM\" >Jamaica<\/option><option value=\"JP\" >Japonia<\/option><option value=\"JE\" >Jersey<\/option><option value=\"KZ\" >Kazahstan<\/option><option value=\"KG\" >K\u00e2rg\u00e2zstan<\/option><option value=\"KE\" >Kenya<\/option><option value=\"KI\" >Kiribati<\/option><option value=\"XK\" >Kosovo<\/option><option value=\"KW\" >Kuweit<\/option><option value=\"LA\" >Laos<\/option><option value=\"LS\" >Lesotho<\/option><option value=\"LV\" >Letonia<\/option><option value=\"LB\" >Liban<\/option><option value=\"LR\" >Liberia<\/option><option value=\"LY\" >Libia<\/option><option value=\"LI\" >Liechtenstein<\/option><option value=\"LT\" >Lituania<\/option><option value=\"LU\" >Luxemburg<\/option><option value=\"MO\" >Macao<\/option><option value=\"MK\" >Macedonia de Nord<\/option><option value=\"MG\" >Madagascar<\/option><option value=\"MW\" >Malawi<\/option><option value=\"MY\" >Malaysia<\/option><option value=\"MV\" >Maldive<\/option><option value=\"ML\" >Mali<\/option><option value=\"MT\" >Malta<\/option><option value=\"MA\" >Maroc<\/option><option value=\"MQ\" >Martinica<\/option><option value=\"MR\" >Mauritania<\/option><option value=\"MU\" >Mauritius<\/option><option value=\"YT\" >Mayotte<\/option><option value=\"MX\" >Mexic<\/option><option value=\"MC\" >Monaco<\/option><option value=\"MN\" >Mongolia<\/option><option value=\"MS\" >Montserrat<\/option><option value=\"MZ\" >Mozambic<\/option><option value=\"ME\" >Muntenegru<\/option><option value=\"MM\" >Myanmar<\/option><option value=\"NA\" >Namibia<\/option><option value=\"NR\" >Nauru<\/option><option value=\"NP\" >Nepal<\/option><option value=\"NI\" >Nicaragua<\/option><option value=\"NE\" >Niger<\/option><option value=\"NG\" >Nigeria<\/option><option value=\"NU\" >Niue<\/option><option value=\"NO\" >Norvegia<\/option><option value=\"NC\" >Noua Caledonie<\/option><option value=\"NZ\" >Noua Zeeland\u0103<\/option><option value=\"OM\" >Oman<\/option><option value=\"PK\" >Pakistan<\/option><option value=\"PA\" >Panama<\/option><option value=\"PG\" >Papua Noua Guinee<\/option><option value=\"PY\" >Paraguay<\/option><option value=\"PE\" >Peru<\/option><option value=\"PF\" >Polinezia Francez\u0103<\/option><option value=\"PL\" >Polonia<\/option><option value=\"PT\" >Portugalia<\/option><option value=\"PR\" >Puerto Rico<\/option><option value=\"QA\" >Qatar<\/option><option value=\"GB\" >Regatul Unit (UK)<\/option><option value=\"CF\" >Republica Centrafrican\u0103<\/option><option value=\"DO\" >Republica Dominican\u0103<\/option><option value=\"MD\" >Republica Moldova<\/option><option value=\"RE\" >R\u00e9union<\/option><option value=\"RO\" >Rom\u00e2nia<\/option><option value=\"RU\" >Rusia<\/option><option value=\"RW\" >Rwanda<\/option><option value=\"EH\" >Sahara de Vest<\/option><option value=\"PM\" >Saint Pierre \u0219i Miquelon<\/option><option value=\"BL\" >Saint-Barth\u00e9lemy<\/option><option value=\"WS\" >Samoa<\/option><option value=\"AS\" >Samoa American\u0103<\/option><option value=\"SM\" >San Marino<\/option><option value=\"ST\" >S\u00e3o Tom\u00e9 \u0219i Pr\u00edncipe<\/option><option value=\"SN\" >Senegal<\/option><option value=\"RS\" >Serbia<\/option><option value=\"SC\" >Seychelles<\/option><option value=\"SH\" >Sf\u00e2nta Elena<\/option><option value=\"LC\" >Sf\u00e2nta Lucia<\/option><option value=\"KN\" >Sf\u00e2ntul Kitts \u0219i Nevis<\/option><option value=\"VC\" >Sf\u00e2ntul Vicen\u021biu \u0219i Grenadinele<\/option><option value=\"SL\" >Sierra Leone<\/option><option value=\"SG\" >Singapore<\/option><option value=\"SY\" >Siria<\/option><option value=\"SK\" >Slovacia<\/option><option value=\"SI\" >Slovenia<\/option><option value=\"SO\" >Somalia<\/option><option value=\"ES\" >Spania<\/option><option value=\"LK\" >Sri Lanka<\/option><option value=\"FM\" >Statele Federate ale Microneziei<\/option><option value=\"US\" >Statele Unite ale Americii (SUA)<\/option><option value=\"SD\" >Sudan<\/option><option value=\"SS\" >Sudanul de Sud<\/option><option value=\"SE\" >Suedia<\/option><option value=\"SR\" >Surinam<\/option><option value=\"SJ\" >Svalbard \u0219i Jan Mayen<\/option><option value=\"TJ\" >Tadjikistan<\/option><option value=\"TW\" >Taiwan<\/option><option value=\"TZ\" >Tanzania<\/option><option value=\"TF\" >Teritoriile australe \u0219i antarctice franceze<\/option><option value=\"PS\" >Teritoriile Palestiniene<\/option><option value=\"IO\" >Teritoriul Britanic din Oceanul Indian<\/option><option value=\"TH\" >Thailanda<\/option><option value=\"TL\" >Timorul de Est<\/option><option value=\"TG\" >Togo<\/option><option value=\"TK\" >Tokelau<\/option><option value=\"TO\" >Tonga<\/option><option value=\"TT\" >Trinidad \u0219i Tobago<\/option><option value=\"TN\" >Tunisia<\/option><option value=\"TR\" >Turcia<\/option><option value=\"TM\" >Turkmenistan<\/option><option value=\"TV\" >Tuvalu<\/option><option value=\"NL\" >\u021a\u0103rile de Jos<\/option><option value=\"UA\" >Ucraina<\/option><option value=\"UG\" >Uganda<\/option><option value=\"HU\" >Ungaria<\/option><option value=\"UY\" >Uruguay<\/option><option value=\"UZ\" >Uzbekistan<\/option><option value=\"VU\" >Vanuatu<\/option><option value=\"VA\" >Vatican<\/option><option value=\"VE\" >Venezuela<\/option><option value=\"VN\" >Vietnam<\/option><option value=\"WF\" >Wallis \u0219i Futuna<\/option><option value=\"YE\" >Yemen<\/option><option value=\"ZM\" >Zambia<\/option><option value=\"ZW\" >Zimbabwe<\/option>\n\t\t\t\t\t\t<\/select><\/span><\/p><p class=\"form-row field-set text-field-set wwlc_address wwlc_registration_field form_field validate-required\" id=\"wwlc_address_field\" data-priority=\"\"><label for=\"wwlc_address\" class=\"required_field\">Address 1&nbsp;<span class=\"required\" aria-hidden=\"true\">*<\/span><\/label><span class=\"woocommerce-input-wrapper\"><input type=\"text\" class=\"input-text wwlc_form_field\" name=\"wwlc_address\" id=\"wwlc_address\" placeholder=\"Street address\"  value=\"\" data-required=\"yes\" aria-required=\"true\" \/><\/span><\/p><p class=\"form-row field-set text-field-set wwlc_address_2 wwlc_registration_field form_field\" id=\"wwlc_address_2_field\" data-priority=\"\">&nbsp;(op\u021bional)<input type=\"text\" class=\"input-text wwlc_form_field\" name=\"wwlc_address_2\" id=\"wwlc_address_2\" placeholder=\"Apartment, suite, unit etc. (optional)\"  value=\"\"  \/><\/p><p class=\"form-row field-set text-field-set wwlc_city wwlc_registration_field form_field validate-required\" id=\"wwlc_city_field\" data-priority=\"\"><label for=\"wwlc_city\" class=\"required_field\">City&nbsp;<span class=\"required\" aria-hidden=\"true\">*<\/span><\/label><span class=\"woocommerce-input-wrapper\"><input type=\"text\" class=\"input-text wwlc_form_field\" name=\"wwlc_city\" id=\"wwlc_city\" placeholder=\"Town \/ City\"  value=\"\" data-required=\"yes\" aria-required=\"true\" \/><\/span><\/p><p class=\"form-row field-set text-field-set wwlc_state wwlc_registration_field form_field validate-required\" id=\"wwlc_state_field\" data-priority=\"\"><label for=\"wwlc_state\" class=\"required_field\">State&nbsp;<span class=\"required\" aria-hidden=\"true\">*<\/span><\/label><span class=\"woocommerce-input-wrapper\"><input type=\"text\" class=\"input-text wwlc_form_field\" name=\"wwlc_state\" id=\"wwlc_state\" placeholder=\"State \/ County\"  value=\"\" data-required=\"yes\" aria-required=\"true\" \/><\/span><\/p><p class=\"form-row field-set text-field-set wwlc_postcode wwlc_registration_field form_field validate-required\" id=\"wwlc_postcode_field\" data-priority=\"\"><label for=\"wwlc_postcode\" class=\"required_field\">Postcode&nbsp;<span class=\"required\" aria-hidden=\"true\">*<\/span><\/label><span class=\"woocommerce-input-wrapper\"><input type=\"text\" class=\"input-text wwlc_form_field\" name=\"wwlc_postcode\" id=\"wwlc_postcode\" placeholder=\"Postcode \/ Zip\"  value=\"\" data-required=\"yes\" aria-required=\"true\" \/><\/span><\/p>\t\t\t\t<div class=\"field-set form-controls-section\">\n\t\t\t<p class=\"register-button-container\"><input type=\"submit\" name=\"submit\" class=\"form-control button button-primary\" id=\"wwlc-register\" value=\"Register\" ><span class=\"wwlc-loader\"><\/span><\/p><a class=\"form-control\" id=\"log-in\" href=\"https:\/\/abovetobacco.com\/wholesale-log-in-page\/\" >Log In<\/a> <a class=\"form-control\" id=\"lost-password\" href=\"https:\/\/abovetobacco.com\/my-account\/lost-password\/\" >Lost Password<\/a>\t\t<\/div>\n\n\t\t<input class=\"input-hidden wwlc_form_field\" type=\"hidden\" name=\"wwlc_role\" id=\"wwlc_role\" value=\"\"><input class=\"input-hidden wwlc_form_field\" type=\"hidden\" name=\"wwlc_page_id\" id=\"wwlc_page_id\" value=\"0\"><\/form>\t<\/div><!--#wwlc-registration-form-->\n<\/div><!--.woocommerce-->\n\n","protected":false},"excerpt":{"rendered":"","protected":false},"author":1,"featured_media":0,"parent":0,"menu_order":0,"comment_status":"closed","ping_status":"closed","template":"","meta":{"footnotes":""},"class_list":["post-32297","page","type-page","status-publish","hentry"],"yoast_head":"<!-- This site is optimized with the Yoast SEO plugin v27.4 - https:\/\/yoast.com\/product\/yoast-seo-wordpress\/ -->\n<title>\u00cenregistrare cump\u0103r\u0103tor angro - Above Tobacco<\/title>\n<meta name=\"robots\" content=\"index, follow, max-snippet:-1, max-image-preview:large, max-video-preview:-1\" \/>\n<link rel=\"canonical\" href=\"https:\/\/abovetobacco.com\/ro\/inregistrare-cu-ridicata\/\" \/>\n<meta property=\"og:locale\" content=\"ro_RO\" \/>\n<meta property=\"og:type\" content=\"article\" \/>\n<meta property=\"og:title\" content=\"\u00cenregistrare cump\u0103r\u0103tor angro - Above Tobacco\" \/>\n<meta property=\"og:url\" content=\"https:\/\/abovetobacco.com\/ro\/inregistrare-cu-ridicata\/\" \/>\n<meta property=\"og:site_name\" content=\"Above Tobacco\" \/>\n<meta property=\"article:publisher\" content=\"https:\/\/www.facebook.com\/profile.php?id=61570124412529\" \/>\n<meta property=\"article:modified_time\" content=\"2024-10-10T05:14:21+00:00\" \/>\n<meta name=\"twitter:card\" content=\"summary_large_image\" \/>\n<script type=\"application\/ld+json\" class=\"yoast-schema-graph\">{\"@context\":\"https:\\\/\\\/schema.org\",\"@graph\":[{\"@type\":\"WebPage\",\"@id\":\"https:\\\/\\\/abovetobacco.com\\\/ro\\\/inregistrare-cu-ridicata\\\/\",\"url\":\"https:\\\/\\\/abovetobacco.com\\\/ro\\\/inregistrare-cu-ridicata\\\/\",\"name\":\"\u00cenregistrare cump\u0103r\u0103tor angro - Above Tobacco\",\"isPartOf\":{\"@id\":\"https:\\\/\\\/abovetobacco.com\\\/#website\"},\"datePublished\":\"2024-09-23T05:34:42+00:00\",\"dateModified\":\"2024-10-10T05:14:21+00:00\",\"breadcrumb\":{\"@id\":\"https:\\\/\\\/abovetobacco.com\\\/ro\\\/inregistrare-cu-ridicata\\\/#breadcrumb\"},\"inLanguage\":\"ro-RO\",\"potentialAction\":[{\"@type\":\"ReadAction\",\"target\":[\"https:\\\/\\\/abovetobacco.com\\\/ro\\\/inregistrare-cu-ridicata\\\/\"]}]},{\"@type\":\"BreadcrumbList\",\"@id\":\"https:\\\/\\\/abovetobacco.com\\\/ro\\\/inregistrare-cu-ridicata\\\/#breadcrumb\",\"itemListElement\":[{\"@type\":\"ListItem\",\"position\":1,\"name\":\"Home\",\"item\":\"https:\\\/\\\/abovetobacco.com\\\/ro\\\/\"},{\"@type\":\"ListItem\",\"position\":2,\"name\":\"\u00cenregistrare cump\u0103r\u0103tor angro\"}]},{\"@type\":\"WebSite\",\"@id\":\"https:\\\/\\\/abovetobacco.com\\\/#website\",\"url\":\"https:\\\/\\\/abovetobacco.com\\\/\",\"name\":\"Above Tobacco\",\"description\":\"Vaping Redefined\",\"publisher\":{\"@id\":\"https:\\\/\\\/abovetobacco.com\\\/#organization\"},\"potentialAction\":[{\"@type\":\"SearchAction\",\"target\":{\"@type\":\"EntryPoint\",\"urlTemplate\":\"https:\\\/\\\/abovetobacco.com\\\/?s={search_term_string}\"},\"query-input\":{\"@type\":\"PropertyValueSpecification\",\"valueRequired\":true,\"valueName\":\"search_term_string\"}}],\"inLanguage\":\"ro-RO\"},{\"@type\":\"Organization\",\"@id\":\"https:\\\/\\\/abovetobacco.com\\\/#organization\",\"name\":\"Above Tobacco\",\"url\":\"https:\\\/\\\/abovetobacco.com\\\/\",\"logo\":{\"@type\":\"ImageObject\",\"inLanguage\":\"ro-RO\",\"@id\":\"https:\\\/\\\/abovetobacco.com\\\/#\\\/schema\\\/logo\\\/image\\\/\",\"url\":\"http:\\\/\\\/abovetobacco.com\\\/wp-content\\\/uploads\\\/2024\\\/10\\\/Asset-3@4x.webp\",\"contentUrl\":\"http:\\\/\\\/abovetobacco.com\\\/wp-content\\\/uploads\\\/2024\\\/10\\\/Asset-3@4x.webp\",\"width\":1676,\"height\":569,\"caption\":\"Above Tobacco\"},\"image\":{\"@id\":\"https:\\\/\\\/abovetobacco.com\\\/#\\\/schema\\\/logo\\\/image\\\/\"},\"sameAs\":[\"https:\\\/\\\/www.facebook.com\\\/profile.php?id=61570124412529\",\"https:\\\/\\\/www.instagram.com\\\/abovetobacco\"]}]}<\/script>\n<!-- \/ Yoast SEO plugin. -->","yoast_head_json":{"title":"\u00cenregistrare cump\u0103r\u0103tor angro - Above Tobacco","robots":{"index":"index","follow":"follow","max-snippet":"max-snippet:-1","max-image-preview":"max-image-preview:large","max-video-preview":"max-video-preview:-1"},"canonical":"https:\/\/abovetobacco.com\/ro\/inregistrare-cu-ridicata\/","og_locale":"ro_RO","og_type":"article","og_title":"\u00cenregistrare cump\u0103r\u0103tor angro - Above Tobacco","og_url":"https:\/\/abovetobacco.com\/ro\/inregistrare-cu-ridicata\/","og_site_name":"Above Tobacco","article_publisher":"https:\/\/www.facebook.com\/profile.php?id=61570124412529","article_modified_time":"2024-10-10T05:14:21+00:00","twitter_card":"summary_large_image","schema":{"@context":"https:\/\/schema.org","@graph":[{"@type":"WebPage","@id":"https:\/\/abovetobacco.com\/ro\/inregistrare-cu-ridicata\/","url":"https:\/\/abovetobacco.com\/ro\/inregistrare-cu-ridicata\/","name":"\u00cenregistrare cump\u0103r\u0103tor angro - Above Tobacco","isPartOf":{"@id":"https:\/\/abovetobacco.com\/#website"},"datePublished":"2024-09-23T05:34:42+00:00","dateModified":"2024-10-10T05:14:21+00:00","breadcrumb":{"@id":"https:\/\/abovetobacco.com\/ro\/inregistrare-cu-ridicata\/#breadcrumb"},"inLanguage":"ro-RO","potentialAction":[{"@type":"ReadAction","target":["https:\/\/abovetobacco.com\/ro\/inregistrare-cu-ridicata\/"]}]},{"@type":"BreadcrumbList","@id":"https:\/\/abovetobacco.com\/ro\/inregistrare-cu-ridicata\/#breadcrumb","itemListElement":[{"@type":"ListItem","position":1,"name":"Home","item":"https:\/\/abovetobacco.com\/ro\/"},{"@type":"ListItem","position":2,"name":"\u00cenregistrare cump\u0103r\u0103tor angro"}]},{"@type":"WebSite","@id":"https:\/\/abovetobacco.com\/#website","url":"https:\/\/abovetobacco.com\/","name":"Above Tobacco","description":"Vaping Redefined","publisher":{"@id":"https:\/\/abovetobacco.com\/#organization"},"potentialAction":[{"@type":"SearchAction","target":{"@type":"EntryPoint","urlTemplate":"https:\/\/abovetobacco.com\/?s={search_term_string}"},"query-input":{"@type":"PropertyValueSpecification","valueRequired":true,"valueName":"search_term_string"}}],"inLanguage":"ro-RO"},{"@type":"Organization","@id":"https:\/\/abovetobacco.com\/#organization","name":"Above Tobacco","url":"https:\/\/abovetobacco.com\/","logo":{"@type":"ImageObject","inLanguage":"ro-RO","@id":"https:\/\/abovetobacco.com\/#\/schema\/logo\/image\/","url":"http:\/\/abovetobacco.com\/wp-content\/uploads\/2024\/10\/Asset-3@4x.webp","contentUrl":"http:\/\/abovetobacco.com\/wp-content\/uploads\/2024\/10\/Asset-3@4x.webp","width":1676,"height":569,"caption":"Above Tobacco"},"image":{"@id":"https:\/\/abovetobacco.com\/#\/schema\/logo\/image\/"},"sameAs":["https:\/\/www.facebook.com\/profile.php?id=61570124412529","https:\/\/www.instagram.com\/abovetobacco"]}]}},"_links":{"self":[{"href":"https:\/\/abovetobacco.com\/ro\/wp-json\/wp\/v2\/pages\/32297","targetHints":{"allow":["GET"]}}],"collection":[{"href":"https:\/\/abovetobacco.com\/ro\/wp-json\/wp\/v2\/pages"}],"about":[{"href":"https:\/\/abovetobacco.com\/ro\/wp-json\/wp\/v2\/types\/page"}],"author":[{"embeddable":true,"href":"https:\/\/abovetobacco.com\/ro\/wp-json\/wp\/v2\/users\/1"}],"replies":[{"embeddable":true,"href":"https:\/\/abovetobacco.com\/ro\/wp-json\/wp\/v2\/comments?post=32297"}],"version-history":[{"count":2,"href":"https:\/\/abovetobacco.com\/ro\/wp-json\/wp\/v2\/pages\/32297\/revisions"}],"predecessor-version":[{"id":32414,"href":"https:\/\/abovetobacco.com\/ro\/wp-json\/wp\/v2\/pages\/32297\/revisions\/32414"}],"wp:attachment":[{"href":"https:\/\/abovetobacco.com\/ro\/wp-json\/wp\/v2\/media?parent=32297"}],"curies":[{"name":"wp","href":"https:\/\/api.w.org\/{rel}","templated":true}]}}